{"id":2502,"date":"2020-07-06T15:12:04","date_gmt":"2020-07-06T20:12:04","guid":{"rendered":"https:\/\/proyectos.colectiva.biz\/flexi\/?page_id=2502"},"modified":"2020-07-06T15:31:38","modified_gmt":"2020-07-06T20:31:38","slug":"blog","status":"publish","type":"page","link":"https:\/\/flexinumber.com\/delivery\/blog\/","title":{"rendered":"Blog"},"content":{"rendered":"[vc_row][vc_column]<div id=\"post-listing-16680197055f0389a7282e9\" class=\" card-2507 ss-element gusta-post-listing gusta-grid-layout\" data-query_vars=\"YSUzQTklM0ElN0JzJTNBMTQlM0ElMjJwb3N0c19wZXJfcGFnZSUyMiUzQnMlM0EyJTNBJTIyMTAlMjIlM0JzJTNBNiUzQSUyMm9mZnNldCUyMiUzQnMlM0EwJTNBJTIyJTIyJTNCcyUzQTclM0ElMjJvcmRlcmJ5JTIyJTNCcyUzQTQlM0ElMjJkYXRlJTIyJTNCcyUzQTUlM0ElMjJvcmRlciUyMiUzQnMlM0E0JTNBJTIyREVTQyUyMiUzQnMlM0ExMSUzQSUyMnBvc3Rfc3RhdHVzJTIyJTNCcyUzQTclM0ElMjJwdWJsaXNoJTIyJTNCcyUzQTE5JTNBJTIyaWdub3JlX3N0aWNreV9wb3N0cyUyMiUzQmIlM0ExJTNCcyUzQTklM0ElMjJwb3N0X3R5cGUlMjIlM0JzJTNBNCUzQSUyMnBvc3QlMjIlM0JzJTNBOSUzQSUyMnRheF9xdWVyeSUyMiUzQmElM0EyJTNBJTdCcyUzQTglM0ElMjJyZWxhdGlvbiUyMiUzQnMlM0EzJTNBJTIyQU5EJTIyJTNCaSUzQTAlM0JhJTNBMiUzQSU3QnMlM0E4JTNBJTIydGF4b25vbXklMjIlM0JzJTNBOCUzQSUyMmNhdGVnb3J5JTIyJTNCcyUzQTUlM0ElMjJ0ZXJtcyUyMiUzQmElM0ExJTNBJTdCaSUzQTAlM0JzJTNBMiUzQSUyMjEyJTIyJTNCJTdEJTdEJTdEcyUzQTUlM0ElMjJwYWdlZCUyMiUzQmklM0ExJTNCJTdE\" data-page=\"2\" data-total=\"7\" data-card_design=\"2507\" data-tax=\"0\"><div class=\"gusta-grid\" data-columns><div class=\"post-listing-container\" id=\"gusta-post-2650\" style=\"-webkit-animation-delay: 100ms; animation-delay: 100ms;\">[vc_row css=\".vc_custom_1592605371502{padding-right: 5% !important;padding-left: 5% !important;background-color: #ffffff !important;}\"][vc_column]<div class=\"gusta-align-center  \"><a class=\"linked ss-element gusta-featured-image featured-image-15616782875eed257e4566c show-show  ani-fade\" href=\"https:\/\/flexinumber.com\/delivery\/5-evaluaciones-para-saber-como-va-tu-empresa-y-la-competencia-en-el-delivery\/\"><img src=\"https:\/\/flexinumber.com\/delivery\/wp-content\/uploads\/2020\/08\/delivery-600x300.jpg\" alt=\"\" \/><\/a><\/div><div class=\"gusta-clear gusta-mobile-clear\"><\/div><div class=\"gusta-align-left  \"><p class=\"title-6355135255eed25b3e4dd8 ss-element gusta-post-title  show-show ani-fade  linked\"><a href=\"https:\/\/flexinumber.com\/delivery\/5-evaluaciones-para-saber-como-va-tu-empresa-y-la-competencia-en-el-delivery\/\">5 evaluaciones para saber c\u00f3mo va tu empresa y la competencia en el delivery<\/a><\/p><\/div><div class=\"gusta-clear gusta-mobile-clear\"><\/div><div class=\"gusta-post-meta gusta-align-left gusta-inline \"><p class=\"date-19473629185eed2626cf1b1 ss-element gusta-post-date show-show \">Ago 25, 2020<\/p><\/div><div class=\"gusta-post-meta gusta-align-left gusta-inline \"><p class=\"author-14367825505eed3c782b500 ss-element gusta-post-author show-show \"><span class=\"gusta-label\"><i class=\"fas fa-user-tie label-icon\"><\/i> <\/span>Flexinumber<\/p><\/div><div class=\"gusta-align-left  \"><p class=\"excerpt-8186063265eed25e03bb60 ss-element gusta-post-excerpt  show-show\">Mirar a la competencia siempre es necesario para saber qu\u00e9 hace bien o qu\u00e9 hace mal; es decir, evaluar sus&hellip;<\/p><\/div><div class=\"gusta-clear gusta-mobile-clear\"><\/div><div class=\"gusta-align-right  \"><a class=\"read-more-button-12995428185eed264517b95  ss-element gusta-read-more-button gusta-icon-link gusta-has-span show-show ani-fade linked\" href=\"https:\/\/flexinumber.com\/delivery\/5-evaluaciones-para-saber-como-va-tu-empresa-y-la-competencia-en-el-delivery\/\"> <span>Ver M\u00e1s<\/span> <\/a><\/div><div class=\"gusta-clear gusta-mobile-clear\"><\/div>[\/vc_column][\/vc_row]<\/div><div class=\"post-listing-container\" id=\"gusta-post-2641\" style=\"-webkit-animation-delay: 200ms; animation-delay: 200ms;\">[vc_row css=\".vc_custom_1592605371502{padding-right: 5% !important;padding-left: 5% !important;background-color: #ffffff !important;}\"][vc_column]<div class=\"gusta-align-center  \"><a class=\"linked ss-element gusta-featured-image featured-image-15616782875eed257e4566c show-show  ani-fade\" href=\"https:\/\/flexinumber.com\/delivery\/eleva-tus-ventas-hasta-57-con-whatsapp-business-y-flexinumber\/\"><img src=\"https:\/\/flexinumber.com\/delivery\/wp-content\/uploads\/2020\/08\/whatsapp-business-como-funciona-empresa-600x300.jpg\" alt=\"\" \/><\/a><\/div><div class=\"gusta-clear gusta-mobile-clear\"><\/div><div class=\"gusta-align-left  \"><p class=\"title-6355135255eed25b3e4dd8 ss-element gusta-post-title  show-show ani-fade  linked\"><a href=\"https:\/\/flexinumber.com\/delivery\/eleva-tus-ventas-hasta-57-con-whatsapp-business-y-flexinumber\/\">Eleva tus ventas hasta 57% con \u2018WhatsApp Business\u2019 y FlexiNumber<\/a><\/p><\/div><div class=\"gusta-clear gusta-mobile-clear\"><\/div><div class=\"gusta-post-meta gusta-align-left gusta-inline \"><p class=\"date-19473629185eed2626cf1b1 ss-element gusta-post-date show-show \">Ago 18, 2020<\/p><\/div><div class=\"gusta-post-meta gusta-align-left gusta-inline \"><p class=\"author-14367825505eed3c782b500 ss-element gusta-post-author show-show \"><span class=\"gusta-label\"><i class=\"fas fa-user-tie label-icon\"><\/i> <\/span>Flexinumber<\/p><\/div><div class=\"gusta-align-left  \"><p class=\"excerpt-8186063265eed25e03bb60 ss-element gusta-post-excerpt  show-show\">\u00bfQu\u00e9 es WhatsApp Business? WhatsApp, la aplicaci\u00f3n m\u00f3vil con m\u00e1s de 1500 millones de usuarios alrededor del mundo, acaba de&hellip;<\/p><\/div><div class=\"gusta-clear gusta-mobile-clear\"><\/div><div class=\"gusta-align-right  \"><a class=\"read-more-button-12995428185eed264517b95  ss-element gusta-read-more-button gusta-icon-link gusta-has-span show-show ani-fade linked\" href=\"https:\/\/flexinumber.com\/delivery\/eleva-tus-ventas-hasta-57-con-whatsapp-business-y-flexinumber\/\"> <span>Ver M\u00e1s<\/span> <\/a><\/div><div class=\"gusta-clear gusta-mobile-clear\"><\/div>[\/vc_column][\/vc_row]<\/div><div class=\"post-listing-container\" id=\"gusta-post-2634\" style=\"-webkit-animation-delay: 300ms; animation-delay: 300ms;\">[vc_row css=\".vc_custom_1592605371502{padding-right: 5% !important;padding-left: 5% !important;background-color: #ffffff !important;}\"][vc_column]<div class=\"gusta-align-center  \"><a class=\"linked ss-element gusta-featured-image featured-image-15616782875eed257e4566c show-show  ani-fade\" href=\"https:\/\/flexinumber.com\/delivery\/razones-del-porque-la-entrega-de-alimentos-por-delivery-es-la-mejor-opcion-ahora\/\"><img src=\"https:\/\/flexinumber.com\/delivery\/wp-content\/uploads\/2020\/08\/11-600x300.jpg\" alt=\"\" \/><\/a><\/div><div class=\"gusta-clear gusta-mobile-clear\"><\/div><div class=\"gusta-align-left  \"><p class=\"title-6355135255eed25b3e4dd8 ss-element gusta-post-title  show-show ani-fade  linked\"><a href=\"https:\/\/flexinumber.com\/delivery\/razones-del-porque-la-entrega-de-alimentos-por-delivery-es-la-mejor-opcion-ahora\/\">Razones del porqu\u00e9 la entrega de alimentos por delivery es la mejor opci\u00f3n ahora<\/a><\/p><\/div><div class=\"gusta-clear gusta-mobile-clear\"><\/div><div class=\"gusta-post-meta gusta-align-left gusta-inline \"><p class=\"date-19473629185eed2626cf1b1 ss-element gusta-post-date show-show \">Ago 12, 2020<\/p><\/div><div class=\"gusta-post-meta gusta-align-left gusta-inline \"><p class=\"author-14367825505eed3c782b500 ss-element gusta-post-author show-show \"><span class=\"gusta-label\"><i class=\"fas fa-user-tie label-icon\"><\/i> <\/span>Flexinumber<\/p><\/div><div class=\"gusta-align-left  \"><p class=\"excerpt-8186063265eed25e03bb60 ss-element gusta-post-excerpt  show-show\">Si bien hay otros productos con los que se hace delivery, \u00e9ste rubro de alimentos marca la diferencia por la&hellip;<\/p><\/div><div class=\"gusta-clear gusta-mobile-clear\"><\/div><div class=\"gusta-align-right  \"><a class=\"read-more-button-12995428185eed264517b95  ss-element gusta-read-more-button gusta-icon-link gusta-has-span show-show ani-fade linked\" href=\"https:\/\/flexinumber.com\/delivery\/razones-del-porque-la-entrega-de-alimentos-por-delivery-es-la-mejor-opcion-ahora\/\"> <span>Ver M\u00e1s<\/span> <\/a><\/div><div class=\"gusta-clear gusta-mobile-clear\"><\/div>[\/vc_column][\/vc_row]<\/div><div class=\"post-listing-container\" id=\"gusta-post-2622\" style=\"-webkit-animation-delay: 400ms; animation-delay: 400ms;\">[vc_row css=\".vc_custom_1592605371502{padding-right: 5% !important;padding-left: 5% !important;background-color: #ffffff !important;}\"][vc_column]<div class=\"gusta-align-center  \"><a class=\"linked ss-element gusta-featured-image featured-image-15616782875eed257e4566c show-show  ani-fade\" href=\"https:\/\/flexinumber.com\/delivery\/cual-es-el-valor-agregado-que-daria-a-diferencia-de-otros-que-brindan-el-servicio-de-delivery\/\"><img src=\"https:\/\/flexinumber.com\/delivery\/wp-content\/uploads\/2020\/07\/33-600x300.jpg\" alt=\"\" \/><\/a><\/div><div class=\"gusta-clear gusta-mobile-clear\"><\/div><div class=\"gusta-align-left  \"><p class=\"title-6355135255eed25b3e4dd8 ss-element gusta-post-title  show-show ani-fade  linked\"><a href=\"https:\/\/flexinumber.com\/delivery\/cual-es-el-valor-agregado-que-daria-a-diferencia-de-otros-que-brindan-el-servicio-de-delivery\/\">\u00bfCu\u00e1l es el valor agregado que dar\u00eda a diferencia de otros que brindan el servicio de delivery?<\/a><\/p><\/div><div class=\"gusta-clear gusta-mobile-clear\"><\/div><div class=\"gusta-post-meta gusta-align-left gusta-inline \"><p class=\"date-19473629185eed2626cf1b1 ss-element gusta-post-date show-show \">Jul 22, 2020<\/p><\/div><div class=\"gusta-post-meta gusta-align-left gusta-inline \"><p class=\"author-14367825505eed3c782b500 ss-element gusta-post-author show-show \"><span class=\"gusta-label\"><i class=\"fas fa-user-tie label-icon\"><\/i> <\/span>Flexinumber<\/p><\/div><div class=\"gusta-align-left  \"><p class=\"excerpt-8186063265eed25e03bb60 ss-element gusta-post-excerpt  show-show\">No hagamos m\u00e1s de lo mismo y marquemos la diferencia. Que las personas nos se\u00f1alen por lo bueno del servicio&hellip;<\/p><\/div><div class=\"gusta-clear gusta-mobile-clear\"><\/div><div class=\"gusta-align-right  \"><a class=\"read-more-button-12995428185eed264517b95  ss-element gusta-read-more-button gusta-icon-link gusta-has-span show-show ani-fade linked\" href=\"https:\/\/flexinumber.com\/delivery\/cual-es-el-valor-agregado-que-daria-a-diferencia-de-otros-que-brindan-el-servicio-de-delivery\/\"> <span>Ver M\u00e1s<\/span> <\/a><\/div><div class=\"gusta-clear gusta-mobile-clear\"><\/div>[\/vc_column][\/vc_row]<\/div><div class=\"post-listing-container\" id=\"gusta-post-2618\" style=\"-webkit-animation-delay: 500ms; animation-delay: 500ms;\">[vc_row css=\".vc_custom_1592605371502{padding-right: 5% !important;padding-left: 5% !important;background-color: #ffffff !important;}\"][vc_column]<div class=\"gusta-align-center  \"><a class=\"linked ss-element gusta-featured-image featured-image-15616782875eed257e4566c show-show  ani-fade\" href=\"https:\/\/flexinumber.com\/delivery\/que-es-mas-rentable-para-la-entrega-de-delivery-moto-bicicleta-o-auto\/\"><img src=\"https:\/\/flexinumber.com\/delivery\/wp-content\/uploads\/2020\/07\/flexi-moto-auto-delivery-600x300.jpg\" alt=\"\" \/><\/a><\/div><div class=\"gusta-clear gusta-mobile-clear\"><\/div><div class=\"gusta-align-left  \"><p class=\"title-6355135255eed25b3e4dd8 ss-element gusta-post-title  show-show ani-fade  linked\"><a href=\"https:\/\/flexinumber.com\/delivery\/que-es-mas-rentable-para-la-entrega-de-delivery-moto-bicicleta-o-auto\/\">\u00bfQu\u00e9 es m\u00e1s rentable para la entrega de delivery: moto, bicicleta o auto?<\/a><\/p><\/div><div class=\"gusta-clear gusta-mobile-clear\"><\/div><div class=\"gusta-post-meta gusta-align-left gusta-inline \"><p class=\"date-19473629185eed2626cf1b1 ss-element gusta-post-date show-show \">Jul 14, 2020<\/p><\/div><div class=\"gusta-post-meta gusta-align-left gusta-inline \"><p class=\"author-14367825505eed3c782b500 ss-element gusta-post-author show-show \"><span class=\"gusta-label\"><i class=\"fas fa-user-tie label-icon\"><\/i> <\/span>Flexinumber<\/p><\/div><div class=\"gusta-align-left  \"><p class=\"excerpt-8186063265eed25e03bb60 ss-element gusta-post-excerpt  show-show\">Miles de empresas vienen entregando sus productos a domicilio, algunas los hacen en auto, otras en moto o bicicleta. Aqu\u00ed&hellip;<\/p><\/div><div class=\"gusta-clear gusta-mobile-clear\"><\/div><div class=\"gusta-align-right  \"><a class=\"read-more-button-12995428185eed264517b95  ss-element gusta-read-more-button gusta-icon-link gusta-has-span show-show ani-fade linked\" href=\"https:\/\/flexinumber.com\/delivery\/que-es-mas-rentable-para-la-entrega-de-delivery-moto-bicicleta-o-auto\/\"> <span>Ver M\u00e1s<\/span> <\/a><\/div><div class=\"gusta-clear gusta-mobile-clear\"><\/div>[\/vc_column][\/vc_row]<\/div><div class=\"post-listing-container\" id=\"gusta-post-2559\" style=\"-webkit-animation-delay: 600ms; animation-delay: 600ms;\">[vc_row css=\".vc_custom_1592605371502{padding-right: 5% !important;padding-left: 5% !important;background-color: #ffffff !important;}\"][vc_column]<div class=\"gusta-align-center  \"><a class=\"linked ss-element gusta-featured-image featured-image-15616782875eed257e4566c show-show  ani-fade\" href=\"https:\/\/flexinumber.com\/delivery\/metodos-de-pago-hacer-un-pago-de-delivery-en-linea-es-la-mejor-alternativa-para-los-compradores\/\"><img src=\"https:\/\/flexinumber.com\/delivery\/wp-content\/uploads\/2020\/07\/m\u00e9todos-y-formas-de-pago-en-Per\u00fa-1024x682-1-600x300.jpg\" alt=\"\" \/><\/a><\/div><div class=\"gusta-clear gusta-mobile-clear\"><\/div><div class=\"gusta-align-left  \"><p class=\"title-6355135255eed25b3e4dd8 ss-element gusta-post-title  show-show ani-fade  linked\"><a href=\"https:\/\/flexinumber.com\/delivery\/metodos-de-pago-hacer-un-pago-de-delivery-en-linea-es-la-mejor-alternativa-para-los-compradores\/\">M\u00e9todos de pago: \u00bfHacer un pago de delivery en l\u00ednea es la mejor alternativa para los compradores?<\/a><\/p><\/div><div class=\"gusta-clear gusta-mobile-clear\"><\/div><div class=\"gusta-post-meta gusta-align-left gusta-inline \"><p class=\"date-19473629185eed2626cf1b1 ss-element gusta-post-date show-show \">Jul 8, 2020<\/p><\/div><div class=\"gusta-post-meta gusta-align-left gusta-inline \"><p class=\"author-14367825505eed3c782b500 ss-element gusta-post-author show-show \"><span class=\"gusta-label\"><i class=\"fas fa-user-tie label-icon\"><\/i> <\/span>Flexinumber<\/p><\/div><div class=\"gusta-align-left  \"><p class=\"excerpt-8186063265eed25e03bb60 ss-element gusta-post-excerpt  show-show\">Seguramente has hecho tu pedido y pagado online por alg\u00fan producto. Solo has tenido que recibir el productor y evitar&hellip;<\/p><\/div><div class=\"gusta-clear gusta-mobile-clear\"><\/div><div class=\"gusta-align-right  \"><a class=\"read-more-button-12995428185eed264517b95  ss-element gusta-read-more-button gusta-icon-link gusta-has-span show-show ani-fade linked\" href=\"https:\/\/flexinumber.com\/delivery\/metodos-de-pago-hacer-un-pago-de-delivery-en-linea-es-la-mejor-alternativa-para-los-compradores\/\"> <span>Ver M\u00e1s<\/span> <\/a><\/div><div class=\"gusta-clear gusta-mobile-clear\"><\/div>[\/vc_column][\/vc_row]<\/div><div class=\"post-listing-container\" id=\"gusta-post-1\" style=\"-webkit-animation-delay: 700ms; animation-delay: 700ms;\">[vc_row css=\".vc_custom_1592605371502{padding-right: 5% !important;padding-left: 5% !important;background-color: #ffffff !important;}\"][vc_column]<div class=\"gusta-align-center  \"><a class=\"linked ss-element gusta-featured-image featured-image-15616782875eed257e4566c show-show  ani-fade\" href=\"https:\/\/flexinumber.com\/delivery\/el-origen-del-delivery\/\"><img src=\"https:\/\/flexinumber.com\/delivery\/wp-content\/uploads\/2020\/04\/El-origen-del-delivery-600x300.jpg\" alt=\"\" \/><\/a><\/div><div class=\"gusta-clear gusta-mobile-clear\"><\/div><div class=\"gusta-align-left  \"><p class=\"title-6355135255eed25b3e4dd8 ss-element gusta-post-title  show-show ani-fade  linked\"><a href=\"https:\/\/flexinumber.com\/delivery\/el-origen-del-delivery\/\">El origen del delivery<\/a><\/p><\/div><div class=\"gusta-clear gusta-mobile-clear\"><\/div><div class=\"gusta-post-meta gusta-align-left gusta-inline \"><p class=\"date-19473629185eed2626cf1b1 ss-element gusta-post-date show-show \">Abr 11, 2020<\/p><\/div><div class=\"gusta-post-meta gusta-align-left gusta-inline \"><p class=\"author-14367825505eed3c782b500 ss-element gusta-post-author show-show \"><span class=\"gusta-label\"><i class=\"fas fa-user-tie label-icon\"><\/i> <\/span>Flexinumber<\/p><\/div><div class=\"gusta-align-left  \"><p class=\"excerpt-8186063265eed25e03bb60 ss-element gusta-post-excerpt  show-show\">Hoy este t\u00e9rmino es muy usado por el confinamiento que vivimos por la pandemia, sin embargo tiene una historia muy&hellip;<\/p><\/div><div class=\"gusta-clear gusta-mobile-clear\"><\/div><div class=\"gusta-align-right  \"><a class=\"read-more-button-12995428185eed264517b95  ss-element gusta-read-more-button gusta-icon-link gusta-has-span show-show ani-fade linked\" href=\"https:\/\/flexinumber.com\/delivery\/el-origen-del-delivery\/\"> <span>Ver M\u00e1s<\/span> <\/a><\/div><div class=\"gusta-clear gusta-mobile-clear\"><\/div>[\/vc_column][\/vc_row]<\/div><\/div><\/div>[\/vc_column][\/vc_row]\n","protected":false},"excerpt":{"rendered":"<p>[vc_row][vc_column][\/vc_column][\/vc_row]<\/p>\n","protected":false},"author":1,"featured_media":0,"parent":0,"menu_order":0,"comment_status":"closed","ping_status":"closed","template":"","meta":[],"_links":{"self":[{"href":"https:\/\/flexinumber.com\/delivery\/wp-json\/wp\/v2\/pages\/2502"}],"collection":[{"href":"https:\/\/flexinumber.com\/delivery\/wp-json\/wp\/v2\/pages"}],"about":[{"href":"https:\/\/flexinumber.com\/delivery\/wp-json\/wp\/v2\/types\/page"}],"author":[{"embeddable":true,"href":"https:\/\/flexinumber.com\/delivery\/wp-json\/wp\/v2\/users\/1"}],"replies":[{"embeddable":true,"href":"https:\/\/flexinumber.com\/delivery\/wp-json\/wp\/v2\/comments?post=2502"}],"version-history":[{"count":5,"href":"https:\/\/flexinumber.com\/delivery\/wp-json\/wp\/v2\/pages\/2502\/revisions"}],"predecessor-version":[{"id":2512,"href":"https:\/\/flexinumber.com\/delivery\/wp-json\/wp\/v2\/pages\/2502\/revisions\/2512"}],"wp:attachment":[{"href":"https:\/\/flexinumber.com\/delivery\/wp-json\/wp\/v2\/media?parent=2502"}],"curies":[{"name":"wp","href":"https:\/\/api.w.org\/{rel}","templated":true}]}}